{"id":109,"date":"2023-04-12T00:11:03","date_gmt":"2023-04-12T04:11:03","guid":{"rendered":"http:\/\/mariachevair.com\/?page_id=109"},"modified":"2025-03-13T15:16:34","modified_gmt":"2025-03-13T19:16:34","slug":"vie","status":"publish","type":"page","link":"https:\/\/mariachevair.com\/?page_id=109","title":{"rendered":"Bio"},"content":{"rendered":"\n<p>Maria Chevair est n\u00e9 le 3 ou 4 novembre 1954.<\/p>\n\n\n\n<p>Ma m\u00e8re nous racontait que selon les papiers c&rsquo;\u00e9tait le 3 novembre mais que sa m\u00e8re lui avait dit qu&rsquo;elle avait accouch\u00e9 le 4 novembre.<\/p>\n\n\n\n<p>Souvent, nous lui avons souhait\u00e9 bonne f\u00eate les 2 jours.<\/p>\n\n\n\n<p><strong>Activit\u00e9s professionnelles:<\/strong><\/p>\n\n\n\n<p>En plus d&rsquo;avoir cr\u00e9e plusieurs entreprises pour la petite enfance ma m\u00e8re c&rsquo;est souvent impliqu\u00e9 pour am\u00e9liorer la vie de la petite enfance. Maman \u00e0 particip\u00e9 \u00e0 l&rsquo;\u00e9laboration de la politique familiale de la municipalit\u00e9 de Lac-Beauport. Elle a contribu\u00e9 \u00e0 ce projet en tant que directrice de la garderie \u00ab\u00a0Il \u00e9tait une fois au Lac-Beauport\u2026\u00a0\u00bb<\/p>\n\n\n\n<p>Voici des garderies et ou CPE que ma m\u00e8re a ouvert et ou cr\u00e9e.<\/p>\n\n\n\n<p>Garderie Ste Th\u00e9r\u00e8se de Lisieux qui devient CPE Hippo plus<br>Garderie les amis du quartier<br>CPE Hippo plus  <br>Garderie Il \u00e9tait une fois<br><strong><br>Restauration rapide<\/strong><\/p>\n\n\n\n<p>Ma m\u00e8re fut aussi propri\u00e9taire de restaurants \u00ab\u00a0Tim Hortons\u00a0\u00bb<\/p>\n\n\n\n<p><\/p>\n","protected":false},"excerpt":{"rendered":"<p>Maria Chevair est n\u00e9 le 3 ou 4 novembre 1954. Ma m\u00e8re nous racontait que selon les papiers c&rsquo;\u00e9tait le 3 novembre mais que sa m\u00e8re lui avait dit qu&rsquo;elle avait accouch\u00e9 le 4 novembre. Souvent, nous lui avons souhait\u00e9 bonne f\u00eate les 2 jours. Activit\u00e9s professionnelles: En plus d&rsquo;avoir cr\u00e9e plusieurs entreprises pour la &hellip; <\/p>\n<p class=\"link-more\"><a href=\"https:\/\/mariachevair.com\/?page_id=109\" class=\"more-link\">Continuer la lecture<span class=\"screen-reader-text\"> de &laquo;&nbsp;Bio&nbsp;&raquo;<\/span><\/a><\/p>\n","protected":false},"author":1,"featured_media":0,"parent":0,"menu_order":0,"comment_status":"closed","ping_status":"closed","template":"","meta":{"footnotes":""},"class_list":["post-109","page","type-page","status-publish","hentry"],"_links":{"self":[{"href":"https:\/\/mariachevair.com\/index.php?rest_route=\/wp\/v2\/pages\/109","targetHints":{"allow":["GET"]}}],"collection":[{"href":"https:\/\/mariachevair.com\/index.php?rest_route=\/wp\/v2\/pages"}],"about":[{"href":"https:\/\/mariachevair.com\/index.php?rest_route=\/wp\/v2\/types\/page"}],"author":[{"embeddable":true,"href":"https:\/\/mariachevair.com\/index.php?rest_route=\/wp\/v2\/users\/1"}],"replies":[{"embeddable":true,"href":"https:\/\/mariachevair.com\/index.php?rest_route=%2Fwp%2Fv2%2Fcomments&post=109"}],"version-history":[{"count":8,"href":"https:\/\/mariachevair.com\/index.php?rest_route=\/wp\/v2\/pages\/109\/revisions"}],"predecessor-version":[{"id":277,"href":"https:\/\/mariachevair.com\/index.php?rest_route=\/wp\/v2\/pages\/109\/revisions\/277"}],"wp:attachment":[{"href":"https:\/\/mariachevair.com\/index.php?rest_route=%2Fwp%2Fv2%2Fmedia&parent=109"}],"curies":[{"name":"wp","href":"https:\/\/api.w.org\/{rel}","templated":true}]}}