{"id":113,"date":"2023-04-12T00:12:37","date_gmt":"2023-04-12T00:12:37","guid":{"rendered":"http:\/\/mariachevair.com\/?page_id=113"},"modified":"2025-03-13T14:47:02","modified_gmt":"2025-03-13T18:47:02","slug":"avis-de-deces","status":"publish","type":"page","link":"https:\/\/mariachevair.com\/","title":{"rendered":"Avis de d\u00e9c\u00e8s"},"content":{"rendered":"\n<p>Il y a maintenant 3 ans que Mme Chevair, Maria, Grand Mama, Mama est d\u00e9c\u00e9d\u00e9e.<\/p>\n\n\n\n<p><strong>Le 12 avril 2022,<\/strong> \u00e0 l\u2019\u00e2ge de 67 ans, est d\u00e9c\u00e9d\u00e9e Mme Maria Chevair. Elle demeurait \u00e0 Qu\u00e9bec.<\/p>\n\n\n\n<p>La famille vous a accueillie \u00e0 la<\/p>\n\n\n\n<p>Maison Gomin<br>Services comm\u00e9moratifs<br>2026, boul. Ren\u00e9-L\u00e9vesque Ouest<br>Qu\u00e9bec QC G1V 2K8<\/p>\n\n\n\n<p><strong>Le dimanche 24 avril 2022 de 9h \u00e0 11h30<\/strong>.<\/p>\n\n\n\n<p>Une liturgie de la parole a eu lieu \u00e0 11h30 en la chapelle de la Maison Gomin.<\/p>\n\n\n\n<p>Elle laisse dans le deuil ses enfants : Andr\u00e9 (Nathalie V\u00e9zina), F\u00e9lix, Mauricio (H\u00e9l\u00e8ne Claveau), ses petits-enfants Alexandre, Manuel, Pier Olivier, Rosalie, Miguel, Marie, \u00c9mile et Anna.<\/p>\n\n\n\n<p>Elle laisse \u00e9galement dans le deuil des proches de la famille (Arthuro Arbarzua et sa famille, Guillaume et Anne-Pier Parent Pelletier et leur famille), des membres de la famille au Chili, et de Montr\u00e9al particuli\u00e8rement Tia Alicia et sa famille et de nombreux amis. <\/p>\n\n\n\n<p>Un remerciement sp\u00e9cial \u00e0 monsieur Jean-Yves Martineau (Papy) pour avoir pris soin de notre m\u00e8re.<\/p>\n\n\n\n<p><\/p>\n\n\n\n<p><\/p>\n","protected":false},"excerpt":{"rendered":"<p>Il y a maintenant 3 ans que Mme Chevair, Maria, Grand Mama, Mama est d\u00e9c\u00e9d\u00e9e. Le 12 avril 2022, \u00e0 l\u2019\u00e2ge de 67 ans, est d\u00e9c\u00e9d\u00e9e Mme Maria Chevair. Elle demeurait \u00e0 Qu\u00e9bec. La famille vous a accueillie \u00e0 la Maison GominServices comm\u00e9moratifs2026, boul. Ren\u00e9-L\u00e9vesque OuestQu\u00e9bec QC G1V 2K8 Le dimanche 24 avril 2022 de &hellip; <\/p>\n<p class=\"link-more\"><a href=\"https:\/\/mariachevair.com\/\" class=\"more-link\">Continuer la lecture<span class=\"screen-reader-text\"> de &laquo;&nbsp;Avis de d\u00e9c\u00e8s&nbsp;&raquo;<\/span><\/a><\/p>\n","protected":false},"author":1,"featured_media":0,"parent":0,"menu_order":0,"comment_status":"closed","ping_status":"closed","template":"","meta":{"footnotes":""},"class_list":["post-113","page","type-page","status-publish","hentry"],"_links":{"self":[{"href":"https:\/\/mariachevair.com\/index.php?rest_route=\/wp\/v2\/pages\/113","targetHints":{"allow":["GET"]}}],"collection":[{"href":"https:\/\/mariachevair.com\/index.php?rest_route=\/wp\/v2\/pages"}],"about":[{"href":"https:\/\/mariachevair.com\/index.php?rest_route=\/wp\/v2\/types\/page"}],"author":[{"embeddable":true,"href":"https:\/\/mariachevair.com\/index.php?rest_route=\/wp\/v2\/users\/1"}],"replies":[{"embeddable":true,"href":"https:\/\/mariachevair.com\/index.php?rest_route=%2Fwp%2Fv2%2Fcomments&post=113"}],"version-history":[{"count":8,"href":"https:\/\/mariachevair.com\/index.php?rest_route=\/wp\/v2\/pages\/113\/revisions"}],"predecessor-version":[{"id":275,"href":"https:\/\/mariachevair.com\/index.php?rest_route=\/wp\/v2\/pages\/113\/revisions\/275"}],"wp:attachment":[{"href":"https:\/\/mariachevair.com\/index.php?rest_route=%2Fwp%2Fv2%2Fmedia&parent=113"}],"curies":[{"name":"wp","href":"https:\/\/api.w.org\/{rel}","templated":true}]}}