{"id":115,"date":"2023-04-12T00:12:37","date_gmt":"2023-04-12T04:12:37","guid":{"rendered":"http:\/\/mariachevair.com\/?page_id=115"},"modified":"2025-03-13T15:17:10","modified_gmt":"2025-03-13T19:17:10","slug":"messages","status":"publish","type":"page","link":"https:\/\/mariachevair.com\/?page_id=115","title":{"rendered":"Messages"},"content":{"rendered":"\n<p>Ma m\u00e8re aimait \u00e9crire et prendre des notes.<\/p>\n\n\n\n<p>Je poss\u00e8de 2 cahiers de notes qu&rsquo;elle aimait, de messages des fois qu&rsquo;elle voulait nous passer&#8230; En voici quelques unes de ces notes.<\/p>\n\n\n\n<p><strong>Le fond du c\u0153ur est parfois bien plus loin&#8230; que la fin du monde!<\/strong> \/\/ Source inconnue<\/p>\n\n\n\n<p><strong>\u00ab\u00a0\u00catre parent rend l&rsquo;amour NOBLE\u00a0\u00bb<\/strong> \/\/ Source inconnue<\/p>\n\n\n\n<p><strong>Il n&rsquo;est pas bon de croire que vous savez tout!!!<\/strong> \/\/  Source inconnue<\/p>\n\n\n\n<p><strong>Les erreurs ne s&rsquo;annulent pas! Elles s&rsquo;additionnent <\/strong>\/\/  <a href=\"https:\/\/plus.lapresse.ca\/screens\/6030bfe2-6501-4b80-80d9-09b7359e2530%7C_0.html\" target=\"_blank\" rel=\"noreferrer noopener\">La presse +<\/a><\/p>\n\n\n\n<p><strong>Pour connaitre une personne il faut lui donner le pouvoir.<\/strong> \/\/ Source inconnue<\/p>\n\n\n\n<p><strong>Le bien n&rsquo;est pas toujours bon, Le mal n&rsquo;est pas toujours mauvais, nous avons tous un peu des deux en nous.<\/strong> \/\/ Source inconnue<\/p>\n\n\n\n<p><strong>Les erreurs ne se justifient pas, elles s&rsquo;assument.<\/strong> <a href=\"https:\/\/fr.wikipedia.org\/wiki\/Simone_Veil\" data-type=\"URL\" target=\"_blank\" rel=\"noreferrer noopener\">Simone Veil<\/a><\/p>\n\n\n\n<p>Je viendrai en ajouter de temps en temps&#8230;<\/p>\n\n\n\n<p><\/p>\n","protected":false},"excerpt":{"rendered":"<p>Ma m\u00e8re aimait \u00e9crire et prendre des notes. Je poss\u00e8de 2 cahiers de notes qu&rsquo;elle aimait, de messages des fois qu&rsquo;elle voulait nous passer&#8230; En voici quelques unes de ces notes. Le fond du c\u0153ur est parfois bien plus loin&#8230; que la fin du monde! \/\/ Source inconnue \u00ab\u00a0\u00catre parent rend l&rsquo;amour NOBLE\u00a0\u00bb \/\/ Source &hellip; <\/p>\n<p class=\"link-more\"><a href=\"https:\/\/mariachevair.com\/?page_id=115\" class=\"more-link\">Continuer la lecture<span class=\"screen-reader-text\"> de &laquo;&nbsp;Messages&nbsp;&raquo;<\/span><\/a><\/p>\n","protected":false},"author":1,"featured_media":0,"parent":0,"menu_order":0,"comment_status":"closed","ping_status":"closed","template":"","meta":{"footnotes":""},"class_list":["post-115","page","type-page","status-publish","hentry"],"_links":{"self":[{"href":"https:\/\/mariachevair.com\/index.php?rest_route=\/wp\/v2\/pages\/115","targetHints":{"allow":["GET"]}}],"collection":[{"href":"https:\/\/mariachevair.com\/index.php?rest_route=\/wp\/v2\/pages"}],"about":[{"href":"https:\/\/mariachevair.com\/index.php?rest_route=\/wp\/v2\/types\/page"}],"author":[{"embeddable":true,"href":"https:\/\/mariachevair.com\/index.php?rest_route=\/wp\/v2\/users\/1"}],"replies":[{"embeddable":true,"href":"https:\/\/mariachevair.com\/index.php?rest_route=%2Fwp%2Fv2%2Fcomments&post=115"}],"version-history":[{"count":5,"href":"https:\/\/mariachevair.com\/index.php?rest_route=\/wp\/v2\/pages\/115\/revisions"}],"predecessor-version":[{"id":278,"href":"https:\/\/mariachevair.com\/index.php?rest_route=\/wp\/v2\/pages\/115\/revisions\/278"}],"wp:attachment":[{"href":"https:\/\/mariachevair.com\/index.php?rest_route=%2Fwp%2Fv2%2Fmedia&parent=115"}],"curies":[{"name":"wp","href":"https:\/\/api.w.org\/{rel}","templated":true}]}}